{"id":14,"date":"2022-12-14T01:00:18","date_gmt":"2022-12-13T23:00:18","guid":{"rendered":"http:\/\/srt.asso.fr\/?page_id=14"},"modified":"2026-02-09T11:30:31","modified_gmt":"2026-02-09T09:30:31","slug":"documents","status":"publish","type":"page","link":"https:\/\/srt.asso.fr\/?page_id=14","title":{"rendered":"Documents \u00e0 t\u00e9l\u00e9charger"},"content":{"rendered":"<h1><strong>2026<\/strong><\/h1>\n<p>&nbsp;<\/p>\n<ul>\n<li><a href=\"https:\/\/srt.asso.fr\/wp-content\/uploads\/2026\/02\/AC-La-Turballaise-02-et-03-05-2026-v3.pdf\" target=\"_blank\" rel=\"noopener\"><strong>AVIS DE COURSE \u00ab\u00a0LA TURBALLAISE\u00a0\u00bb<\/strong><\/a><\/li>\n<li><strong><a href=\"https:\/\/srt.asso.fr\/wp-content\/uploads\/2026\/02\/Feuille-role-dequipage-2023-3.pdf\" target=\"_blank\" rel=\"noopener\">R\u00f4le d\u2019\u00e9quipage<\/a><\/strong><\/li>\n<li><a href=\"https:\/\/www.helloasso.com\/associations\/societe-des-regates-de-la-turballe\/adhesions\/srt-inscription-2024\" target=\"_blank\" rel=\"noopener\"><strong>Licence \u2013 Inscription<\/strong><\/a><\/li>\n<li><strong><a href=\"https:\/\/srt.asso.fr\/wp-content\/uploads\/2026\/02\/SRT-IC-2026.pdf\" target=\"_blank\" rel=\"noopener\">IC 2026<\/a>\u00a0<\/strong><\/li>\n<li><a href=\"https:\/\/srt.asso.fr\/wp-content\/uploads\/2026\/02\/AC-2026-1ere-demie-saison.pdf\" target=\"_blank\" rel=\"noopener\"><strong>Avis de course 2026<\/strong><\/a><\/li>\n<li><strong><a href=\"https:\/\/srt.asso.fr\/wp-content\/uploads\/2020\/01\/H119_19_Ren_a.pdf\" target=\"_blank\" rel=\"noopener noreferrer\">Renouvellement carte HN<\/a><\/strong><\/li>\n<li><strong><a href=\"https:\/\/srt.asso.fr\/wp-content\/uploads\/2020\/01\/H119_19_Nou_a.pdf\" target=\"_blank\" rel=\"noopener noreferrer\">Nouveau bateau \u2013 Carte HN<\/a><\/strong><\/li>\n<li><strong><a href=\"https:\/\/srt.asso.fr\/wp-content\/uploads\/2020\/01\/RIB-SRT.jpg\" target=\"_blank\" rel=\"noopener noreferrer\">RIB (SRT)<\/a><\/strong><\/li>\n<li><strong><a href=\"https:\/\/srt.asso.fr\/wp-content\/uploads\/2015\/01\/PROCEDURE-DE-DEPART-\u00e0-5-minutes-2014.pdf\">PROC\u00c9DURE DE D\u00c9PART \u00e0 5 minutes<\/a><\/strong><\/li>\n<li><strong><a href=\"https:\/\/srt.asso.fr\/wp-content\/uploads\/2015\/01\/05_08-FORMUL_RECLAM.pdf\">05_08 Formulaire de_R\u00e9clamation<\/a><\/strong><\/li>\n<li><strong><a href=\"https:\/\/srt.asso.fr\/wp-content\/uploads\/2022\/12\/Certificat-Medical.pdf\" target=\"_blank\" rel=\"noopener noreferrer\">Certificat m\u00e9dical<\/a> <\/strong><\/li>\n<li><strong><a href=\"https:\/\/srt.asso.fr\/wp-content\/uploads\/2022\/12\/Questionnaire-Sante-FFVoile.pdf\" target=\"_blank\" rel=\"noopener noreferrer\">Questionnaire de sant\u00e9 adulte<\/a><\/strong><\/li>\n<li><strong><a href=\"https:\/\/srt.asso.fr\/wp-content\/uploads\/2022\/12\/Questionnaire-Sante-FFVoile-mineur.pdf\" target=\"_blank\" rel=\"noopener noreferrer\">Questionnaire de sant\u00e9 mineur<\/a><\/strong><\/li>\n<li><strong><a href=\"https:\/\/srt.asso.fr\/wp-content\/uploads\/2022\/12\/Reglt_medical.pdf\">R\u00e9glement m\u00e9dical FFV<\/a><\/strong><\/li>\n<li><strong><a href=\"https:\/\/srt.asso.fr\/wp-content\/uploads\/2015\/01\/Mode_de_calcul.pdf\">Mode_de_calcul (temps\/temps \u00e0 la SRT, depuis 2025)<\/a><\/strong><\/li>\n<li><a href=\"https:\/\/srt.asso.fr\/wp-content\/uploads\/2023\/02\/SRT_FICHE-DE-SEANCE_HOMME-A-LA-MER_20230226.pdf\"><strong><em>Fiche de s\u00e9ance \u00ab\u00a0Homme \u00e0 la mer\u00a0\u00bb<\/em><\/strong><\/a><\/li>\n<\/ul>\n<h1><\/h1>\n<h1><strong>2025<\/strong><\/h1>\n<ul>\n<li><strong><a href=\"https:\/\/srt.asso.fr\/wp-content\/uploads\/2024\/03\/Feuille-role-dequipage-2023-3.pdf\" target=\"_blank\" rel=\"noopener\">R\u00f4le d\u2019\u00e9quipage<\/a><\/strong><\/li>\n<li><a href=\"https:\/\/www.helloasso.com\/associations\/societe-des-regates-de-la-turballe\/adhesions\/srt-inscription-2024\" target=\"_blank\" rel=\"noopener\"><strong>Licence \u2013 Inscription<\/strong><\/a><\/li>\n<li><strong><a href=\"https:\/\/srt.asso.fr\/wp-content\/uploads\/2025\/03\/SRT-IC-2025-v1-1.pdf\" target=\"_blank\" rel=\"noopener\">IC 2025<\/a>\u00a0<\/strong><\/li>\n<li><a href=\"https:\/\/srt.asso.fr\/wp-content\/uploads\/2025\/01\/AC-2025-1ere-demie-saison.pdf\" target=\"_blank\" rel=\"noopener\"><strong>Avis de course 2025<\/strong><\/a><\/li>\n<li><strong><a href=\"https:\/\/srt.asso.fr\/wp-content\/uploads\/2020\/01\/H119_19_Ren_a.pdf\" target=\"_blank\" rel=\"noopener noreferrer\">Renouvellement carte HN<\/a><\/strong><\/li>\n<li><strong><a href=\"https:\/\/srt.asso.fr\/wp-content\/uploads\/2020\/01\/H119_19_Nou_a.pdf\" target=\"_blank\" rel=\"noopener noreferrer\">Nouveau bateau \u2013 Carte HN<\/a><\/strong><\/li>\n<li><strong><a href=\"https:\/\/srt.asso.fr\/wp-content\/uploads\/2020\/01\/RIB-SRT.jpg\" target=\"_blank\" rel=\"noopener noreferrer\">RIB (SRT)<\/a><\/strong><\/li>\n<li><strong><a href=\"https:\/\/srt.asso.fr\/wp-content\/uploads\/2015\/01\/PROCEDURE-DE-DEPART-\u00e0-5-minutes-2014.pdf\">PROC\u00c9DURE DE D\u00c9PART \u00e0 5 minutes<\/a><\/strong><\/li>\n<li><strong><a href=\"https:\/\/srt.asso.fr\/wp-content\/uploads\/2015\/01\/05_08-FORMUL_RECLAM.pdf\">05_08 Formulaire de_R\u00e9clamation<\/a><\/strong><\/li>\n<li><strong><a href=\"https:\/\/srt.asso.fr\/wp-content\/uploads\/2022\/12\/Certificat-Medical.pdf\" target=\"_blank\" rel=\"noopener noreferrer\">Certificat m\u00e9dical<\/a> <\/strong><\/li>\n<li><strong><a href=\"https:\/\/srt.asso.fr\/wp-content\/uploads\/2022\/12\/Questionnaire-Sante-FFVoile.pdf\" target=\"_blank\" rel=\"noopener noreferrer\">Questionnaire de sant\u00e9 adulte<\/a><\/strong><\/li>\n<li><strong><a href=\"https:\/\/srt.asso.fr\/wp-content\/uploads\/2022\/12\/Questionnaire-Sante-FFVoile-mineur.pdf\" target=\"_blank\" rel=\"noopener noreferrer\">Questionnaire de sant\u00e9 mineur<\/a><\/strong><\/li>\n<li><strong><a href=\"https:\/\/srt.asso.fr\/wp-content\/uploads\/2022\/12\/Reglt_medical.pdf\">R\u00e9glement m\u00e9dical FFV<\/a><\/strong><\/li>\n<li><strong><a href=\"https:\/\/srt.asso.fr\/wp-content\/uploads\/2015\/01\/Mode_de_calcul.pdf\">Mode_de_calcul (temps\/distance \u00e0 la SRT)<\/a><\/strong><\/li>\n<li><a href=\"https:\/\/srt.asso.fr\/wp-content\/uploads\/2023\/02\/SRT_FICHE-DE-SEANCE_HOMME-A-LA-MER_20230226.pdf\"><strong><em>Fiche de s\u00e9ance \u00ab\u00a0Homme \u00e0 la mer\u00a0\u00bb<\/em><\/strong><\/a><\/li>\n<\/ul>\n<hr \/>\n<h1><strong>2024<\/strong><\/h1>\n<ul>\n<li><strong><a href=\"https:\/\/srt.asso.fr\/wp-content\/uploads\/2024\/03\/Feuille-role-dequipage-2023-3.pdf\" target=\"_blank\" rel=\"noopener\">R\u00f4le d&rsquo;\u00e9quipage<\/a><\/strong><\/li>\n<li><a href=\"https:\/\/www.helloasso.com\/associations\/societe-des-regates-de-la-turballe\/adhesions\/srt-inscription-2024\" target=\"_blank\" rel=\"noopener\"><strong>Licence &#8211; Inscription<\/strong><\/a><\/li>\n<li><strong><a href=\"https:\/\/srt.asso.fr\/wp-content\/uploads\/2024\/03\/SRT-IC-2024.pdf\" target=\"_blank\" rel=\"noopener\">IC 2024<\/a><\/strong><\/li>\n<li><a href=\"https:\/\/srt.asso.fr\/wp-content\/uploads\/2024\/03\/AC-2024-1ere-demie-saison.pdf\" target=\"_blank\" rel=\"noopener\"><strong>Avis de course<\/strong><\/a><\/li>\n<li><strong><a href=\"https:\/\/srt.asso.fr\/wp-content\/uploads\/2020\/01\/H119_19_Ren_a.pdf\" target=\"_blank\" rel=\"noopener noreferrer\">Renouvellement carte HN<\/a><\/strong><\/li>\n<li><strong><a href=\"https:\/\/srt.asso.fr\/wp-content\/uploads\/2020\/01\/H119_19_Nou_a.pdf\" target=\"_blank\" rel=\"noopener noreferrer\">Nouveau bateau &#8211; Carte HN<\/a><\/strong><\/li>\n<li><strong><a href=\"https:\/\/srt.asso.fr\/wp-content\/uploads\/2020\/01\/RIB-SRT.jpg\" target=\"_blank\" rel=\"noopener noreferrer\">RIB (SRT)<\/a><\/strong><\/li>\n<li><strong><a href=\"https:\/\/srt.asso.fr\/wp-content\/uploads\/2015\/01\/PROCEDURE-DE-DEPART-\u00e0-5-minutes-2014.pdf\">PROC\u00c9DURE DE D\u00c9PART \u00e0 5 minutes<\/a><\/strong><\/li>\n<li><strong><a href=\"https:\/\/srt.asso.fr\/wp-content\/uploads\/2015\/01\/05_08-FORMUL_RECLAM.pdf\">05_08 Formulaire de_R\u00e9clamation<\/a><\/strong><\/li>\n<li><strong><a href=\"https:\/\/srt.asso.fr\/wp-content\/uploads\/2022\/12\/Certificat-Medical.pdf\" target=\"_blank\" rel=\"noopener noreferrer\">Certificat m\u00e9dical<\/a> <\/strong><\/li>\n<li><strong><a href=\"https:\/\/srt.asso.fr\/wp-content\/uploads\/2022\/12\/Questionnaire-Sante-FFVoile.pdf\" target=\"_blank\" rel=\"noopener noreferrer\">Questionnaire de sant\u00e9 adulte<\/a><\/strong><\/li>\n<li><strong><a href=\"https:\/\/srt.asso.fr\/wp-content\/uploads\/2022\/12\/Questionnaire-Sante-FFVoile-mineur.pdf\" target=\"_blank\" rel=\"noopener noreferrer\">Questionnaire de sant\u00e9 mineur<\/a><\/strong><\/li>\n<li><strong><a href=\"https:\/\/srt.asso.fr\/wp-content\/uploads\/2022\/12\/Reglt_medical.pdf\">R\u00e9glement m\u00e9dical FFV<\/a><\/strong><\/li>\n<li><strong><a href=\"https:\/\/srt.asso.fr\/wp-content\/uploads\/2015\/01\/Mode_de_calcul.pdf\">Mode_de_calcul (temps\/distance \u00e0 la SRT)<\/a><\/strong><\/li>\n<li><a href=\"https:\/\/srt.asso.fr\/wp-content\/uploads\/2023\/02\/SRT_FICHE-DE-SEANCE_HOMME-A-LA-MER_20230226.pdf\"><strong><em>Fiche de s\u00e9ance \u00ab\u00a0Homme \u00e0 la mer\u00a0\u00bb<\/em><\/strong><\/a><\/li>\n<\/ul>\n<hr \/>\n<h1>2023<\/h1>\n<ul>\n<li><strong><a href=\"https:\/\/srt.asso.fr\/wp-content\/uploads\/2022\/12\/Feuille-role-dequipage-2023.pdf\" target=\"_blank\" rel=\"noopener\">R\u00f4le d&rsquo;\u00e9quipage 2023<\/a><\/strong><\/li>\n<li><strong><a href=\"https:\/\/srt.asso.fr\/wp-content\/uploads\/2022\/12\/Tarifs-Licences-2023.pdf\">Licences 2023<\/a><\/strong><\/li>\n<li><strong><a href=\"https:\/\/srt.asso.fr\/wp-content\/uploads\/2022\/12\/inscriptions-2023.pdf\" target=\"_blank\" rel=\"noopener\">Inscriptions 2023<\/a><\/strong><\/li>\n<li><strong><a href=\"https:\/\/srt.asso.fr\/wp-content\/uploads\/2020\/01\/H119_19_Ren_a.pdf\" target=\"_blank\" rel=\"noopener noreferrer\">Renouvellement carte HN<\/a><\/strong><\/li>\n<li><strong><a href=\"https:\/\/srt.asso.fr\/wp-content\/uploads\/2020\/01\/H119_19_Nou_a.pdf\" target=\"_blank\" rel=\"noopener noreferrer\">Nouveau bateau &#8211; Carte HN<\/a><\/strong><\/li>\n<li><strong><a href=\"https:\/\/srt.asso.fr\/wp-content\/uploads\/2020\/01\/RIB-SRT.jpg\" target=\"_blank\" rel=\"noopener noreferrer\">RIB (SRT)<\/a><\/strong><\/li>\n<li><strong><a href=\"https:\/\/srt.asso.fr\/wp-content\/uploads\/2015\/01\/PROCEDURE-DE-DEPART-\u00e0-5-minutes-2014.pdf\">PROC\u00c9DURE DE D\u00c9PART \u00e0 5 minutes<\/a><\/strong><\/li>\n<li><strong><a href=\"https:\/\/srt.asso.fr\/wp-content\/uploads\/2015\/01\/05_08-FORMUL_RECLAM.pdf\">05_08 Formulaire de_R\u00e9clamation<\/a><\/strong><\/li>\n<li><strong><a href=\"https:\/\/srt.asso.fr\/wp-content\/uploads\/2022\/12\/Certificat-Medical.pdf\" target=\"_blank\" rel=\"noopener noreferrer\">Certificat m\u00e9dical<\/a> <\/strong><\/li>\n<li><strong><a href=\"https:\/\/srt.asso.fr\/wp-content\/uploads\/2022\/12\/Questionnaire-Sante-FFVoile.pdf\" target=\"_blank\" rel=\"noopener noreferrer\">Questionnaire de sant\u00e9 adulte<\/a><\/strong><\/li>\n<li><strong><a href=\"https:\/\/srt.asso.fr\/wp-content\/uploads\/2022\/12\/Questionnaire-Sante-FFVoile-mineur.pdf\" target=\"_blank\" rel=\"noopener noreferrer\">Questionnaire de sant\u00e9 mineur<\/a><\/strong><\/li>\n<li><strong><a href=\"https:\/\/srt.asso.fr\/wp-content\/uploads\/2022\/12\/Reglt_medical.pdf\">R\u00e9glement m\u00e9dical FFV<\/a><\/strong><\/li>\n<li><strong><a href=\"https:\/\/srt.asso.fr\/wp-content\/uploads\/2015\/01\/Mode_de_calcul.pdf\">Mode_de_calcul (temps\/distance \u00e0 la SRT)<\/a><\/strong><\/li>\n<li><strong><a href=\"https:\/\/srt.asso.fr\/wp-content\/uploads\/2023\/02\/SRT-IC-2023.pdf\" target=\"_blank\" rel=\"noopener\">IC 2023<\/a><\/strong><\/li>\n<li><a href=\"https:\/\/srt.asso.fr\/wp-content\/uploads\/2023\/02\/AC-2023-1ere-demie-saison.pdf\" target=\"_blank\" rel=\"noopener\"><strong>AVIS DE COURSE 2023<\/strong><\/a><\/li>\n<li><a href=\"https:\/\/srt.asso.fr\/wp-content\/uploads\/2023\/02\/SRT_FICHE-DE-SEANCE_HOMME-A-LA-MER_20230226.pdf\"><span style=\"color: #ff9900;\"><strong><em>Fiche de s\u00e9ance \u00ab\u00a0Homme \u00e0 la mer\u00a0\u00bb<\/em><\/strong><\/span><\/a><\/li>\n<\/ul>\n<hr \/>\n<h1>2022<\/h1>\n<ul>\n<li><strong><a href=\"https:\/\/srt.asso.fr\/wp-content\/uploads\/2021\/12\/Feuille-role-dequipage-2022.pdf\" target=\"_blank\" rel=\"noopener\">R\u00f4le d&rsquo;\u00e9quipage 2022<\/a><\/strong><\/li>\n<li><strong><a href=\"https:\/\/srt.asso.fr\/wp-content\/uploads\/2021\/12\/Tarifs-Licences-2022.pdf\" target=\"_blank\" rel=\"noopener\">Licences 2022<\/a><\/strong><\/li>\n<li><strong><a href=\"https:\/\/srt.asso.fr\/wp-content\/uploads\/2021\/12\/inscriptions-2022.pdf\" target=\"_blank\" rel=\"noopener\">Inscriptions 2022<\/a><\/strong><\/li>\n<li><a href=\"https:\/\/srt.asso.fr\/wp-content\/uploads\/2020\/01\/H119_19_Ren_a.pdf\" target=\"_blank\" rel=\"noopener noreferrer\"><strong>Renouvellement carte HN<\/strong><\/a><\/li>\n<li><a href=\"https:\/\/srt.asso.fr\/wp-content\/uploads\/2020\/01\/H119_19_Nou_a.pdf\" target=\"_blank\" rel=\"noopener noreferrer\"><strong>Nouveau bateau &#8211; Carte HN<\/strong><\/a><\/li>\n<li><strong><a href=\"https:\/\/srt.asso.fr\/wp-content\/uploads\/2020\/01\/RIB-SRT.jpg\" target=\"_blank\" rel=\"noopener noreferrer\">RIB (SRT)<\/a><\/strong><\/li>\n<li><strong><a href=\"https:\/\/srt.asso.fr\/wp-content\/uploads\/2015\/01\/PROCEDURE-DE-DEPART-\u00e0-5-minutes-2014.pdf\">PROC\u00c9DURE DE D\u00c9PART \u00e0 5 minutes<\/a><\/strong><\/li>\n<li><strong><a href=\"https:\/\/srt.asso.fr\/wp-content\/uploads\/2015\/01\/05_08-FORMUL_RECLAM.pdf\">05_08 Formulaire de_R\u00e9clamation<\/a><\/strong><\/li>\n<li><a href=\"https:\/\/srt.asso.fr\/wp-content\/uploads\/2018\/01\/Certificat_Medical.pdf\" target=\"_blank\" rel=\"noopener noreferrer\"><strong>Certificat m\u00e9dical (formulaire 2018)<\/strong><\/a><\/li>\n<li><a href=\"https:\/\/srt.asso.fr\/wp-content\/uploads\/2018\/01\/Questionnaire_Sante_FFVoile.pdf\" target=\"_blank\" rel=\"noopener noreferrer\"><strong>Questionnaire de sant\u00e9 (permet le renouvellement de la licence pendant 3 ans)<\/strong><\/a><\/li>\n<li><strong><a href=\"https:\/\/srt.asso.fr\/wp-content\/uploads\/2015\/01\/Mode_de_calcul.pdf\">Mode_de_calcul (temps\/distance \u00e0 la SRT)<\/a><\/strong><\/li>\n<li><a href=\"https:\/\/srt.asso.fr\/wp-content\/uploads\/2022\/02\/SRT-IC-2022.pdf\" target=\"_blank\" rel=\"noopener\"><strong>IC 2022<\/strong><\/a><\/li>\n<\/ul>\n<hr \/>\n<h1><strong>2021<\/strong><\/h1>\n<ul>\n<li><a href=\"http:\/\/content\/uploads\/2021\/01\/Feuille-role-dequipage-2021.ods\" target=\"_blank\" rel=\"noopener noreferrer\"><strong>Feuille r\u00f4le d&rsquo;\u00e9quipage 2021<\/strong><\/a><\/li>\n<li><a href=\"https:\/\/srt.asso.fr\/wp-content\/uploads\/2021\/01\/SRT-Tarifs-2021-.pdf\" target=\"_blank\" rel=\"noopener noreferrer\"><strong>**Tarif\/Renseigneme<\/strong><\/a><strong>nts 2021**<\/strong><\/li>\n<li><a href=\"https:\/\/srt.asso.fr\/wp-content\/uploads\/2021\/01\/inscriptions-2021.pdf\" target=\"_blank\" rel=\"noopener\"><strong>Inscription 2021<\/strong><\/a><\/li>\n<li><strong>I.C. 2021<\/strong><\/li>\n<li><a href=\"https:\/\/srt.asso.fr\/wp-content\/uploads\/2021\/01\/Tarifs-Licences-2021.pdf\" target=\"_blank\" rel=\"noopener noreferrer\"><strong>licences 2021<\/strong><\/a><\/li>\n<li><a href=\"https:\/\/srt.asso.fr\/wp-content\/uploads\/2020\/01\/H119_19_Ren_a.pdf\" target=\"_blank\" rel=\"noopener noreferrer\"><strong>Renouvellement carte HN<\/strong><\/a><\/li>\n<li><a href=\"https:\/\/srt.asso.fr\/wp-content\/uploads\/2020\/01\/H119_19_Nou_a.pdf\" target=\"_blank\" rel=\"noopener noreferrer\"><strong>Nouveau bateau &#8211; Carte HN<\/strong><\/a><\/li>\n<li><strong><a href=\"https:\/\/srt.asso.fr\/wp-content\/uploads\/2020\/01\/RIB-SRT.jpg\" target=\"_blank\" rel=\"noopener noreferrer\">RIB (SRT)<\/a><\/strong><\/li>\n<li><strong><a href=\"https:\/\/srt.asso.fr\/wp-content\/uploads\/2015\/01\/PROCEDURE-DE-DEPART-\u00e0-5-minutes-2014.pdf\">PROC\u00c9DURE DE D\u00c9PART \u00e0 5 minutes<\/a><\/strong><\/li>\n<li><strong><a href=\"https:\/\/srt.asso.fr\/wp-content\/uploads\/2015\/01\/05_08-FORMUL_RECLAM.pdf\">05_08 Formulaire de_R\u00e9clamation<\/a><\/strong><\/li>\n<li><a href=\"https:\/\/srt.asso.fr\/wp-content\/uploads\/2018\/01\/Certificat_Medical.pdf\" target=\"_blank\" rel=\"noopener noreferrer\"><strong>Certificat m\u00e9dical (formulaire 2018)<\/strong><\/a><\/li>\n<li><a href=\"https:\/\/srt.asso.fr\/wp-content\/uploads\/2018\/01\/Questionnaire_Sante_FFVoile.pdf\" target=\"_blank\" rel=\"noopener noreferrer\"><strong>Questionnaire de sant\u00e9 (permet le renouvellement de la licence pendant 3 ans)<\/strong><\/a><\/li>\n<li><strong><a href=\"https:\/\/srt.asso.fr\/wp-content\/uploads\/2015\/01\/Mode_de_calcul.pdf\">Mode_de_calcul (temps\/distance \u00e0 la SRT)<\/a><\/strong><\/li>\n<\/ul>\n<hr \/>\n<h1><strong>2020<\/strong><\/h1>\n<ul>\n<li style=\"list-style-type: none;\">\n<ul>\n<li><a href=\"https:\/\/srt.asso.fr\/wp-content\/uploads\/2020\/01\/Feuille-r\u00f4le-d\u00e9quipage-2020.ods\" target=\"_blank\" rel=\"noopener noreferrer\"><strong>Feuille r\u00f4le d&rsquo;\u00e9quipage 2020<\/strong><\/a><\/li>\n<li><a href=\"\/\/srt.asso.fr\/wp-content\/uploads\/2020\/01\/SRT-Tarifs-2020.pdf\" target=\"_blank\" rel=\"noopener noreferrer\"><strong> ** Tarif 2020\u00a0 **<\/strong><\/a><\/li>\n<li><a href=\"https:\/\/srt.asso.fr\/wp-content\/uploads\/2020\/01\/inscriptions-2020.pdf\" target=\"_blank\" rel=\"noopener noreferrer\"><strong>Inscription 2020<\/strong><\/a><\/li>\n<li><a href=\"https:\/\/srt.asso.fr\/wp-content\/uploads\/2020\/01\/srt-ic-2020.pdf\" target=\"_blank\" rel=\"noopener noreferrer\"><strong>I.C. 2020<\/strong><\/a><\/li>\n<li><a href=\"https:\/\/srt.asso.fr\/wp-content\/uploads\/2020\/01\/Tarifs-Licences-2020.pdf\" target=\"_blank\" rel=\"noopener noreferrer\"><strong>licences 2020<\/strong><\/a><\/li>\n<li><a href=\"https:\/\/srt.asso.fr\/wp-content\/uploads\/2020\/01\/H119_19_Ren_a.pdf\" target=\"_blank\" rel=\"noopener noreferrer\"><strong>Renouvellement carte HN<\/strong><\/a><\/li>\n<li><a href=\"https:\/\/srt.asso.fr\/wp-content\/uploads\/2020\/01\/H119_19_Nou_a.pdf\" target=\"_blank\" rel=\"noopener noreferrer\"><strong>Nouveau bateau &#8211; Carte HN<\/strong><\/a><\/li>\n<li><strong><a href=\"https:\/\/srt.asso.fr\/wp-content\/uploads\/2020\/01\/RIB-SRT.jpg\" target=\"_blank\" rel=\"noopener noreferrer\">RIB (SRT)<\/a><\/strong><\/li>\n<\/ul>\n<\/li>\n<\/ul>\n<hr \/>\n<h1><strong>2019<\/strong><\/h1>\n<ul>\n<li style=\"list-style-type: none;\">\n<ul>\n<li style=\"list-style-type: none;\">\n<ul>\n<li><a href=\"https:\/\/srt.asso.fr\/wp-content\/uploads\/2020\/02\/PV-AG-SRT-02-Fev-2019-approuv\u00e9-en-AG-du-01-02-2020.pdf\" target=\"_blank\" rel=\"noopener noreferrer\"><strong>PV AG 2019<\/strong><\/a><\/li>\n<li><strong><a href=\"\/\/srt.asso.fr\/wp-content\/uploads\/2020\/02\/PV-AG-extraordinaire-SRT-02-Fev-2019-approuv\u00e9-en-AG-du-01-02-2020-.pdf\" target=\"_blank\" rel=\"noopener noreferrer\">PV AG EXTRAORDINAIRE 2019<\/a><\/strong><\/li>\n<\/ul>\n<\/li>\n<\/ul>\n<\/li>\n<\/ul>\n<hr \/>\n<h1><strong>2018 et ant\u00e9rieure<\/strong><\/h1>\n<ul>\n<li><a href=\"https:\/\/srt.asso.fr\/wp-content\/uploads\/2018\/01\/srt-ic-2018.pdf\" target=\"_blank\" rel=\"noopener noreferrer\"><strong>SRT IC 2018<\/strong><\/a><\/li>\n<li><strong><a href=\"https:\/\/issuu.com\/ffvoile\/docs\/ffv_guide_osiris2018_bd\" target=\"_blank\" rel=\"noopener noreferrer\">Guide\u00a0 \u00ab\u00a0OSIRIS 2018\u00a0\u00bb<\/a><\/strong><\/li>\n<li><strong><a href=\"https:\/\/srt.asso.fr\/wp-content\/uploads\/2015\/01\/PV-AG-SRT-Jan-2014.pdf\">PV AG SRT Jan 2014<\/a><\/strong><\/li>\n<li><strong><a href=\"https:\/\/srt.asso.fr\/wp-content\/uploads\/2015\/01\/PV-AG-SRT-31-Jan-2015.pdf\">PV AG SRT Jan 2015<\/a><\/strong><\/li>\n<li><\/li>\n<\/ul>\n<hr \/>\n","protected":false},"excerpt":{"rendered":"<p>2026 &nbsp; AVIS DE COURSE \u00ab\u00a0LA TURBALLAISE\u00a0\u00bb R\u00f4le d\u2019\u00e9quipage Licence \u2013 Inscription IC 2026\u00a0 Avis de course 2026 Renouvellement carte HN Nouveau bateau \u2013 Carte HN RIB (SRT) PROC\u00c9DURE DE D\u00c9PART \u00e0 5 minutes 05_08<\/p>\n","protected":false},"author":1,"featured_media":0,"parent":0,"menu_order":0,"comment_status":"closed","ping_status":"closed","template":"","meta":{"_bbp_topic_count":0,"_bbp_reply_count":0,"_bbp_total_topic_count":0,"_bbp_total_reply_count":0,"_bbp_voice_count":0,"_bbp_anonymous_reply_count":0,"_bbp_topic_count_hidden":0,"_bbp_reply_count_hidden":0,"_bbp_forum_subforum_count":0,"footnotes":""},"class_list":["post-14","page","type-page","status-publish","hentry"],"jetpack-related-posts":[],"jetpack_sharing_enabled":true,"_links":{"self":[{"href":"https:\/\/srt.asso.fr\/index.php?rest_route=\/wp\/v2\/pages\/14","targetHints":{"allow":["GET"]}}],"collection":[{"href":"https:\/\/srt.asso.fr\/index.php?rest_route=\/wp\/v2\/pages"}],"about":[{"href":"https:\/\/srt.asso.fr\/index.php?rest_route=\/wp\/v2\/types\/page"}],"author":[{"embeddable":true,"href":"https:\/\/srt.asso.fr\/index.php?rest_route=\/wp\/v2\/users\/1"}],"replies":[{"embeddable":true,"href":"https:\/\/srt.asso.fr\/index.php?rest_route=%2Fwp%2Fv2%2Fcomments&post=14"}],"version-history":[{"count":77,"href":"https:\/\/srt.asso.fr\/index.php?rest_route=\/wp\/v2\/pages\/14\/revisions"}],"predecessor-version":[{"id":38475,"href":"https:\/\/srt.asso.fr\/index.php?rest_route=\/wp\/v2\/pages\/14\/revisions\/38475"}],"wp:attachment":[{"href":"https:\/\/srt.asso.fr\/index.php?rest_route=%2Fwp%2Fv2%2Fmedia&parent=14"}],"curies":[{"name":"wp","href":"https:\/\/api.w.org\/{rel}","templated":true}]}}