{"id":16,"date":"2015-01-09T12:24:26","date_gmt":"2015-01-09T12:24:26","guid":{"rendered":"http:\/\/srt.asso.fr\/?page_id=16"},"modified":"2015-01-10T15:51:10","modified_gmt":"2015-01-10T15:51:10","slug":"mentions-legales","status":"publish","type":"page","link":"https:\/\/srt.asso.fr\/?page_id=16","title":{"rendered":"Mentions L\u00e9gales"},"content":{"rendered":"<p><strong>1. Informations sur le responsable de publication<\/strong><br \/>\nCe site est \u00e9dit\u00e9 par S.R.T. Port de Plaisance \u2013 44420 La Turballe<br \/>\nSIRET : 511 954 356 000 16<br \/>\nSIREN : 511 954 356<br \/>\nEnregistr\u00e9 en pr\u00e9fecture sous le n\u00b0 : 044301006<br \/>\nResponsable de la publication : Mr DUGAS<br \/>\nLa conception \u00e9ditoriale et le suivi du site sont r\u00e9alis\u00e9s par Mr QUETEL.<br \/>\nPour plus d&rsquo;information sur les choix \u00e9ditoriaux, <a href=\"https:\/\/srt.asso.fr\/?page_id=12\" target=\"_blank\">consultez-nous<\/a>.<\/p>\n<p><strong>2. Propri\u00e9t\u00e9 intellectuelle<\/strong><br \/>\nLe site ainsi que tous les \u00e9l\u00e9ments le composant et notamment : les textes, les images fixes ou anim\u00e9es, les compositions sonores, la charte graphique et les bases de donn\u00e9es sont la propri\u00e9t\u00e9 exclusive de leurs auteurs et sont prot\u00e9g\u00e9s au titre des dispositions du Code de la propri\u00e9t\u00e9 intellectuelle.<br \/>\nEn cons\u00e9quence, toute reproduction ou repr\u00e9sentation totale ou partielle de ce site, toute extraction de la base de donn\u00e9es par quelque proc\u00e9d\u00e9 que ce soit, sans l&rsquo;autorisation expresse de La S.R.T.\u00a0 est interdite. Il en est de m\u00eame des bases de donn\u00e9es accessibles sur le site \u00ab srt.asso.fr \u00bb\u00a0 qui sont \u00e9galement prot\u00e9g\u00e9es.<br \/>\nLa m\u00e9connaissance de ces dispositions constituerait une contrefa\u00e7on punissable selon les dispositions du Code de la propri\u00e9t\u00e9 intellectuelle et du Code p\u00e9nal.<br \/>\n<strong>3. Conditions d&rsquo;utilisation du site<\/strong><br \/>\nLes informations contenues dans ce site sont donn\u00e9es \u00e0 titre indicatif et peuvent \u00eatre modifi\u00e9es \u00e0 tout moment. La S.R.T.\u00a0 ne peut \u00eatre tenu responsable du contenu erron\u00e9 des informations qui leur seraient transmises par des tiers.<br \/>\n<strong>4. Traitement des donn\u00e9es personnelles<\/strong><br \/>\nVous trouverez ci-dessous les termes de notre engagement concernant le traitement des donn\u00e9es personnelles. Ils ont pour but de vous informer sur la mani\u00e8re dont nous utilisons ces donn\u00e9es et vous indique la fa\u00e7on de proc\u00e9der si vous souhaitez y apporter une modification. Les donn\u00e9es personnelles vous concernant proviennent de votre enregistrement volontaire pour recevoir des informations de la part de la S.R.T. . Ces informations ne sont jamais donn\u00e9es \u00e0 des tiers.<br \/>\nVotre adresse e-mail ne nous sert qu&rsquo;\u00e0 vous diffuser des lettres d&rsquo;information. Vous \u00eates libre, \u00e0 tout moment, de ne plus recevoir la lettre d&rsquo;information. L&rsquo;utilisateur est inform\u00e9 que lors de ses visites sur le site un cookie peut s&rsquo;installer automatiquement sur son logiciel de la navigation. Le cookie est un bloc de donn\u00e9es qui ne permet pas de l&rsquo;identifier mais qui sert \u00e0 enregistrer des informations relatives \u00e0 la navigation de celui-ci sur le site. Le param\u00e9trage du logiciel de navigation permet d&rsquo;informer de la pr\u00e9sence d&rsquo;un cookie et notamment de la refuser.<br \/>\nConform\u00e9ment \u00e0 la loi n\u00b078-17 du 6 janvier 1978 modifi\u00e9e dite \u00ab\u00a0informatique et libert\u00e9s\u00a0\u00bb, l&rsquo;utilisateur dispose d&rsquo;un droit d&rsquo;acc\u00e8s et de rectification portant sur les donn\u00e9es le concernant. Ce droit s&rsquo;exerce par courrier \u00e0 l&rsquo;adresse suivante :<br \/>\nS.R.T.<br \/>\nPort de Plaisance 44420 La Turballe<br \/>\nT\u00e9l\u00e9phone : 0668755524<br \/>\nE-mail : <a href=\"mailto:srt.asso@laposte.net\">srt.asso@laposte.net<\/a><\/p>\n<p>\u00a9 2015 S.R.T. &#8211; Mentions l\u00e9gales<br \/>\ndesign by <a href=\"http:\/\/www.claireetclaire.fr\" target=\"_blank\">Claire Tossan<\/a> &amp; hosting by OVH<\/p>\n","protected":false},"excerpt":{"rendered":"<p>1. Informations sur le responsable de publication Ce site est \u00e9dit\u00e9 par S.R.T. Port de Plaisance \u2013 44420 La Turballe SIRET : 511 954 356 000 16 SIREN : 511 954 356 Enregistr\u00e9 en pr\u00e9fecture<\/p>\n","protected":false},"author":1,"featured_media":0,"parent":0,"menu_order":0,"comment_status":"closed","ping_status":"closed","template":"","meta":{"_bbp_topic_count":0,"_bbp_reply_count":0,"_bbp_total_topic_count":0,"_bbp_total_reply_count":0,"_bbp_voice_count":0,"_bbp_anonymous_reply_count":0,"_bbp_topic_count_hidden":0,"_bbp_reply_count_hidden":0,"_bbp_forum_subforum_count":0,"footnotes":""},"class_list":["post-16","page","type-page","status-publish","hentry"],"jetpack-related-posts":[],"jetpack_sharing_enabled":true,"_links":{"self":[{"href":"https:\/\/srt.asso.fr\/index.php?rest_route=\/wp\/v2\/pages\/16","targetHints":{"allow":["GET"]}}],"collection":[{"href":"https:\/\/srt.asso.fr\/index.php?rest_route=\/wp\/v2\/pages"}],"about":[{"href":"https:\/\/srt.asso.fr\/index.php?rest_route=\/wp\/v2\/types\/page"}],"author":[{"embeddable":true,"href":"https:\/\/srt.asso.fr\/index.php?rest_route=\/wp\/v2\/users\/1"}],"replies":[{"embeddable":true,"href":"https:\/\/srt.asso.fr\/index.php?rest_route=%2Fwp%2Fv2%2Fcomments&post=16"}],"version-history":[{"count":10,"href":"https:\/\/srt.asso.fr\/index.php?rest_route=\/wp\/v2\/pages\/16\/revisions"}],"predecessor-version":[{"id":186,"href":"https:\/\/srt.asso.fr\/index.php?rest_route=\/wp\/v2\/pages\/16\/revisions\/186"}],"wp:attachment":[{"href":"https:\/\/srt.asso.fr\/index.php?rest_route=%2Fwp%2Fv2%2Fmedia&parent=16"}],"curies":[{"name":"wp","href":"https:\/\/api.w.org\/{rel}","templated":true}]}}