{"id":18,"date":"2015-01-09T12:24:34","date_gmt":"2015-01-09T12:24:34","guid":{"rendered":"http:\/\/srt.asso.fr\/?page_id=18"},"modified":"2026-02-08T09:44:02","modified_gmt":"2026-02-08T07:44:02","slug":"meteo","status":"publish","type":"page","link":"https:\/\/srt.asso.fr\/?page_id=18","title":{"rendered":"M\u00e9t\u00e9o"},"content":{"rendered":"<p>Afin de vous faire votre propre opinion, voici l&rsquo;adresse de plusieurs sites m\u00e9t\u00e9o (1 clic sur le logo). Vous pouvez aussi proposer votre site favori (voir en bas de la page)<\/p>\n<p>&nbsp;<\/p>\n<p><iframe loading=\"lazy\" src=\"https:\/\/embed.windy.com\/embed.html?type=map&amp;location=coordinates&amp;metricRain=default&amp;metricTemp=default&amp;metricWind=default&amp;zoom=5&amp;overlay=wind&amp;product=ecmwf&amp;level=surface&amp;lat=47.328&amp;lon=-2.432\" width=\"650\" height=\"450\" frameborder=\"0\"><\/iframe><\/p>\n<table style=\"height: 812px;\" width=\"493\">\n<tbody>\n<tr>\n<td style=\"text-align: center; vertical-align: middle;\" width=\"25%\"><a href=\"https:\/\/www.allosurf.net\/meteo\/live\/plateau-du-four-bouee-fr-04403.html\" target=\"_blank\" rel=\"noopener noreferrer\"><img data-recalc-dims=\"1\" loading=\"lazy\" decoding=\"async\" class=\"alignnone wp-image-134\" src=\"https:\/\/i0.wp.com\/srt.asso.fr\/wp-content\/uploads\/2015\/01\/houke.jpg?resize=106%2C101&#038;ssl=1\" alt=\"houke\" width=\"106\" height=\"101\" \/><\/a><\/td>\n<td style=\"text-align: center; vertical-align: middle;\" width=\"25%\"><a title=\"meteo\" href=\"https:\/\/www.m\u00e9t\u00e9o.fr\" target=\"_blank\" rel=\"noopener noreferrer\"><img data-recalc-dims=\"1\" loading=\"lazy\" decoding=\"async\" class=\"alignnone\" src=\"https:\/\/i0.wp.com\/www.xn--mto-bmab.fr\/widget4\/4fd8aee9cf4d483ea25262323b192f38.png?resize=227%2C93&#038;ssl=1\" alt=\"\" width=\"227\" height=\"93\" border=\"0\" \/><\/a><\/td>\n<td style=\"text-align: center; vertical-align: middle;\" width=\"25%\"><iframe loading=\"lazy\" src=\"https:\/\/horloge.maree.frbateaux.net\/ws114?col=1\" width=\"160\" height=\"260\" frameborder=\"0\" scrolling=\"no\"><a href=\"http:\/\/maree.info\/\" target=\"_top\" rel=\"dofollow noopener\">Calendrier des mar\u00e9es &#8211; horaire, hauteur, coefficient de mar\u00e9e<\/a><\/iframe><\/td>\n<td style=\"text-align: center; vertical-align: middle;\" width=\"25%\"><a href=\"https:\/\/www.agate-france.com\/meteo-marine-de-penmarch-croisic-1715.html\" target=\"_blank\" rel=\"noopener\"><img data-recalc-dims=\"1\" loading=\"lazy\" decoding=\"async\" class=\"alignnone size-full wp-image-36291\" src=\"https:\/\/i0.wp.com\/srt.asso.fr\/wp-content\/uploads\/2021\/10\/3-1.jpg?resize=225%2C225&#038;ssl=1\" alt=\"\" width=\"225\" height=\"225\" srcset=\"https:\/\/i0.wp.com\/srt.asso.fr\/wp-content\/uploads\/2021\/10\/3-1.jpg?w=225&amp;ssl=1 225w, https:\/\/i0.wp.com\/srt.asso.fr\/wp-content\/uploads\/2021\/10\/3-1.jpg?resize=150%2C150&amp;ssl=1 150w\" sizes=\"auto, (max-width: 225px) 100vw, 225px\" \/><\/a><\/td>\n<\/tr>\n<tr>\n<td style=\"text-align: center; vertical-align: middle;\" width=\"25%\"><script src=\"http:\/\/syndicate.meteosun.com\/meteo.php?type=3&amp;city=FRXX0091\" type=\"text\/javascript\"><\/script><\/td>\n<td style=\"text-align: center; vertical-align: middle;\" width=\"25%\"><a href=\"https:\/\/www.windfinder.com\/forecast\/port-de-la-turballe\" target=\"_blank\" rel=\"noopener noreferrer\"><img data-recalc-dims=\"1\" loading=\"lazy\" decoding=\"async\" class=\"alignnone wp-image-148 size-thumbnail\" src=\"https:\/\/i0.wp.com\/srt.asso.fr\/wp-content\/uploads\/2015\/01\/windfinder.png?resize=150%2C39&#038;ssl=1\" alt=\"windfinder\" width=\"150\" height=\"39\" \/><\/a><\/td>\n<td style=\"text-align: center; vertical-align: middle;\" width=\"25%\">\u00a0<a href=\"https:\/\/meteofrance.com\/previsions-meteo-france\/la-turballe\/44420\" target=\"_blank\" rel=\"noopener noreferrer\"><img data-recalc-dims=\"1\" loading=\"lazy\" decoding=\"async\" class=\"alignnone wp-image-149 size-full\" src=\"https:\/\/i0.wp.com\/srt.asso.fr\/wp-content\/uploads\/2015\/01\/LogoMF.gif?resize=129%2C42&#038;ssl=1\" alt=\"LogoMF\" width=\"129\" height=\"42\" \/><\/a><a href=\"https:\/\/meteofrance.com\/previsions-meteo-france\/la-turballe\/44420\" target=\"_blank\" rel=\"noopener noreferrer\"><br \/>\nLa Turba<\/a><a href=\"http:\/\/www.meteofrance.com\/previsions-meteo-plages\/la-turballe\/44420\" target=\"_blank\" rel=\"noopener noreferrer\">lle<\/a><\/td>\n<td style=\"text-align: center; vertical-align: middle;\" width=\"25%\"><a href=\"https:\/\/meteofrance.com\/meteo-marine\/estuaire-loire\/MICROZONE-14\" target=\"_blank\" rel=\"noopener noreferrer\"><img data-recalc-dims=\"1\" loading=\"lazy\" decoding=\"async\" class=\"alignleft wp-image-149\" src=\"https:\/\/i0.wp.com\/srt.asso.fr\/wp-content\/uploads\/2015\/01\/LogoMF.gif?resize=98%2C32&#038;ssl=1\" alt=\"LogoMF\" width=\"98\" height=\"32\" \/><\/a><a href=\"https:\/\/meteofrance.com\/meteo-marine\/estuaire-loire\/MICROZONE-14\" target=\"_blank\" rel=\"noopener noreferrer\"><br \/>\nMarine<\/a><\/td>\n<\/tr>\n<tr>\n<td style=\"text-align: center; vertical-align: middle;\" width=\"25%\"><a href=\"http:\/\/www.weather.com\/weather\/today\/l\/FRXX4242:1:FR\" target=\"_blank\" rel=\"noopener noreferrer\"><img data-recalc-dims=\"1\" loading=\"lazy\" decoding=\"async\" class=\"wp-image-1152 aligncenter\" src=\"https:\/\/i0.wp.com\/srt.asso.fr\/wp-content\/uploads\/2015\/01\/weatherchannel.png?resize=121%2C90&#038;ssl=1\" alt=\"weatherchannel\" width=\"121\" height=\"90\" \/><\/a><\/td>\n<td style=\"text-align: center; vertical-align: middle;\" width=\"25%\"><a href=\"https:\/\/www.windguru.cz\/48503\" target=\"_blank\" rel=\"noopener noreferrer\"><img data-recalc-dims=\"1\" loading=\"lazy\" decoding=\"async\" class=\"alignnone size-thumbnail wp-image-156\" src=\"https:\/\/i0.wp.com\/srt.asso.fr\/wp-content\/uploads\/2015\/01\/logo-n3.jpg?resize=150%2C47&#038;ssl=1\" alt=\"logo-n3\" width=\"150\" height=\"47\" \/><\/a><\/td>\n<td style=\"text-align: center; vertical-align: middle;\" width=\"25%\">\u00a0<a href=\"http:\/\/www.xcweather.co.uk\/forecast\/La_Turballe\" target=\"_blank\" rel=\"noopener noreferrer\"><img data-recalc-dims=\"1\" loading=\"lazy\" decoding=\"async\" class=\"alignnone size-thumbnail wp-image-158\" src=\"https:\/\/i0.wp.com\/srt.asso.fr\/wp-content\/uploads\/2015\/01\/meteo.jpg?resize=150%2C22&#038;ssl=1\" alt=\"meteo\" width=\"150\" height=\"22\" \/><\/a><\/td>\n<td style=\"text-align: center; vertical-align: middle;\" width=\"25%\"><a href=\"https:\/\/marine.meteoconsult.fr\/meteo-marine\/bulletin-detaille\/port-175\/previsions-meteo-la-turballe-aujourdhui\" target=\"_blank\" rel=\"noopener noreferrer\"><img data-recalc-dims=\"1\" loading=\"lazy\" decoding=\"async\" class=\"alignleft wp-image-160\" src=\"https:\/\/i0.wp.com\/srt.asso.fr\/wp-content\/uploads\/2015\/01\/logo.jpg?resize=121%2C17&#038;ssl=1\" alt=\"logo\" width=\"121\" height=\"17\" \/><\/a><\/td>\n<\/tr>\n<tr>\n<td style=\"text-align: center; vertical-align: middle;\" width=\"25%\">\u00a0<a href=\"http:\/\/data.shom.fr\" target=\"_blank\" rel=\"attachment wp-att-2336 noopener noreferrer\"><img data-recalc-dims=\"1\" loading=\"lazy\" decoding=\"async\" class=\"aligncenter wp-image-2336\" src=\"https:\/\/i0.wp.com\/srt.asso.fr\/wp-content\/uploads\/2015\/01\/logo_shom.jpg?resize=94%2C54&#038;ssl=1\" alt=\"\" width=\"94\" height=\"54\" srcset=\"https:\/\/i0.wp.com\/srt.asso.fr\/wp-content\/uploads\/2015\/01\/logo_shom.jpg?resize=300%2C173&amp;ssl=1 300w, https:\/\/i0.wp.com\/srt.asso.fr\/wp-content\/uploads\/2015\/01\/logo_shom.jpg?w=437&amp;ssl=1 437w\" sizes=\"auto, (max-width: 94px) 100vw, 94px\" \/><\/a><\/td>\n<td style=\"text-align: center; vertical-align: middle;\" width=\"25%\">\u00a0<a href=\"https:\/\/fr.sat24.com\/fr\/forecast\/h\/1850001\/\" target=\"_blank\" rel=\"noopener noreferrer\"><img data-recalc-dims=\"1\" loading=\"lazy\" decoding=\"async\" class=\"alignnone wp-image-162 size-thumbnail\" src=\"https:\/\/i0.wp.com\/srt.asso.fr\/wp-content\/uploads\/2015\/01\/sat24-logo.png?resize=150%2C54&#038;ssl=1\" alt=\"sat24-logo\" width=\"150\" height=\"54\" \/><\/a><\/td>\n<td style=\"text-align: center; vertical-align: middle;\" width=\"25%\"><a href=\"http:\/\/www.infoclimat.fr\/cartes\/observations-meteo\/temps-reel\/vent-moyen-direction\/nord-ouest-de-la-france.html\" target=\"_blank\" rel=\"noopener noreferrer\"><img data-recalc-dims=\"1\" loading=\"lazy\" decoding=\"async\" class=\"alignnone wp-image-163 size-thumbnail\" src=\"https:\/\/i0.wp.com\/srt.asso.fr\/wp-content\/uploads\/2015\/01\/1grmfcv9fflwjckfyc5m.jpg?resize=150%2C119&#038;ssl=1\" alt=\"1grmfcv9fflwjckfyc5m\" width=\"150\" height=\"119\" \/><\/a><\/td>\n<td style=\"text-align: center; vertical-align: middle;\" width=\"25%\">\u00a0<a href=\"http:\/\/www.previmeteo.com\/fr\/3006090-meteo-la-turballe.html\" target=\"_blank\" rel=\"noopener noreferrer\"><img data-recalc-dims=\"1\" loading=\"lazy\" decoding=\"async\" class=\"wp-image-164 alignleft\" src=\"https:\/\/i0.wp.com\/srt.asso.fr\/wp-content\/uploads\/2015\/01\/previmeteo.jpg?resize=123%2C64&#038;ssl=1\" alt=\"previmeteo\" width=\"123\" height=\"64\" \/><\/a><\/td>\n<\/tr>\n<tr>\n<td style=\"text-align: center; vertical-align: middle;\" width=\"25%\">\u00a0<a href=\"http:\/\/fr.viewweather.com\/w1994028-previsions-meteo-pour-la_turballe-pays_de_la_loire.html\" target=\"_blank\" rel=\"noopener noreferrer\"><img data-recalc-dims=\"1\" loading=\"lazy\" decoding=\"async\" class=\"alignnone size-thumbnail wp-image-166\" src=\"https:\/\/i0.wp.com\/srt.asso.fr\/wp-content\/uploads\/2015\/01\/viewweather.jpg?resize=150%2C73&#038;ssl=1\" alt=\"viewweather\" width=\"150\" height=\"73\" \/><\/a><\/td>\n<td style=\"text-align: center; vertical-align: middle;\" width=\"25%\">\u00a0<a href=\"http:\/\/www.weatheronline.co.uk\/cgi-bin\/expertcharts?LANG=en&amp;MENU=0000000000&amp;CONT=frfr&amp;MODELL=gfs&amp;MODELLTYP=1&amp;BASE=-&amp;VAR=uv10&amp;HH=3&amp;ARCHIV=0&amp;PANEL=0&amp;ZOOM=0&amp;PERIOD=\" target=\"_blank\" rel=\"noopener noreferrer\"><img data-recalc-dims=\"1\" loading=\"lazy\" decoding=\"async\" class=\"alignnone size-full wp-image-167\" src=\"https:\/\/i0.wp.com\/srt.asso.fr\/wp-content\/uploads\/2015\/01\/weatheronline.jpg?resize=127%2C21&#038;ssl=1\" alt=\"weatheronline\" width=\"127\" height=\"21\" \/><\/a><\/td>\n<td style=\"text-align: center; vertical-align: middle;\" width=\"25%\"><a href=\"http:\/\/maree.info\/114\/meteo\" target=\"_blank\" rel=\"noopener noreferrer\"><span style=\"color: #ff0000; font-size: small;\"><span style=\"text-decoration: underline;\">HORAIRE DES MAR\u00c9ES AU CROISIC<\/span><\/span>\u00a0<\/a><\/td>\n<td style=\"text-align: center; vertical-align: middle;\" width=\"25%\">\u00a0<a href=\"http:\/\/www.windmorbihan.com\/\" target=\"_blank\" rel=\"noopener noreferrer\"><img data-recalc-dims=\"1\" loading=\"lazy\" decoding=\"async\" class=\"size-full wp-image-169 alignleft\" src=\"https:\/\/i0.wp.com\/srt.asso.fr\/wp-content\/uploads\/2015\/01\/logo_cg56_2.png?resize=125%2C90&#038;ssl=1\" alt=\"logo_cg56_2\" width=\"125\" height=\"90\" \/><\/a><a href=\"https:\/\/www.windmorbihan.com\/\" target=\"_blank\" rel=\"noopener noreferrer\"><b><span style=\"font-size: small;\">Vent en temps r\u00e9el<\/span><\/b><\/a><\/p>\n<p><a href=\"https:\/\/www.windmorbihan.com\/\" target=\"_blank\" rel=\"noopener noreferrer\"><b><span style=\"font-size: small;\">en baie de Quiberon<\/span><\/b>\u00a0<\/a><\/td>\n<\/tr>\n<tr>\n<td style=\"text-align: center; vertical-align: middle;\" width=\"25%\"><a href=\"https:\/\/i0.wp.com\/srt.asso.fr\/wp-content\/uploads\/2015\/01\/logo_windsup.jpg?ssl=1\"><img data-recalc-dims=\"1\" loading=\"lazy\" decoding=\"async\" class=\"alignnone wp-image-170\" src=\"https:\/\/i0.wp.com\/srt.asso.fr\/wp-content\/uploads\/2015\/01\/logo_windsup.jpg?resize=133%2C16&#038;ssl=1\" alt=\"logo_windsup\" width=\"133\" height=\"16\" \/><\/a><\/p>\n<ul>\n<li style=\"text-align: left;\"><a href=\"http:\/\/www.winds-up.com\/spot-la-turballe-windsurf-kitesurf-1612-previsions-vent.html\" target=\"_blank\" rel=\"noopener\">Pr\u00e9visions \u00ab\u00a0LA TURBALLE\u00a0\u00bb<\/a><\/li>\n<li style=\"text-align: left;\"><a href=\"http:\/\/www.winds-up.com\/spot-la-baule-windsurf-kitesurf-7-previsions-vent.html#wrf\" target=\"_blank\" rel=\"noopener noreferrer\">Pr\u00e9visions \u00ab\u00a0LA-Baule\u00a0\u00bb<\/a><\/li>\n<li style=\"text-align: left;\"><a href=\"http:\/\/www.winds-up.com\/spot-pont-mahe-windsurf-kitesurf-33-previsions-vent.html#wrf\" target=\"_blank\" rel=\"noopener noreferrer\">Pr\u00e9visions \u00ab\u00a0Pont-Mah\u00e9<\/a>\u00ab\u00a0<\/li>\n<\/ul>\n<\/td>\n<td style=\"text-align: center; vertical-align: middle;\" width=\"25%\">\u00a0<a href=\"https:\/\/www.windy.com\/?45.151,-49.395,3,m:epZaein\" target=\"_blank\" rel=\"attachment wp-att-2432 noopener noreferrer\"><img data-recalc-dims=\"1\" loading=\"lazy\" decoding=\"async\" class=\"aligncenter wp-image-2432\" src=\"https:\/\/i0.wp.com\/srt.asso.fr\/wp-content\/uploads\/2015\/01\/vent.jpg?resize=106%2C106&#038;ssl=1\" alt=\"\" width=\"106\" height=\"106\" srcset=\"https:\/\/i0.wp.com\/srt.asso.fr\/wp-content\/uploads\/2015\/01\/vent.jpg?w=152&amp;ssl=1 152w, https:\/\/i0.wp.com\/srt.asso.fr\/wp-content\/uploads\/2015\/01\/vent.jpg?resize=150%2C150&amp;ssl=1 150w\" sizes=\"auto, (max-width: 106px) 100vw, 106px\" \/>WINDY<\/a><\/td>\n<td style=\"text-align: center;\" width=\"25%\"><\/td>\n<td style=\"text-align: center;\" width=\"25%\"><a href=\"http:\/\/froggydave470.blogspot.com\/p\/arome-mf.html\" target=\"_blank\" rel=\"noopener noreferrer\">FROGGYDAVE<\/a><a href=\"http:\/\/froggydave470.blogspot.com\/p\/arome-mf.html\" target=\"_blank\" rel=\"attachment noopener wp-att-3169 noreferrer\"><img data-recalc-dims=\"1\" loading=\"lazy\" decoding=\"async\" class=\"http:\/\/froggydave470.blogspot.com\/p\/arome-mf.html aligncenter wp-image-3169\" src=\"https:\/\/i0.wp.com\/srt.asso.fr\/wp-content\/uploads\/2018\/10\/frogy-1.jpg?resize=78%2C78&#038;ssl=1\" alt=\"\" width=\"78\" height=\"78\" srcset=\"https:\/\/i0.wp.com\/srt.asso.fr\/wp-content\/uploads\/2018\/10\/frogy-1.jpg?w=225&amp;ssl=1 225w, https:\/\/i0.wp.com\/srt.asso.fr\/wp-content\/uploads\/2018\/10\/frogy-1.jpg?resize=150%2C150&amp;ssl=1 150w\" sizes=\"auto, (max-width: 78px) 100vw, 78px\" \/><\/a><\/td>\n<\/tr>\n<\/tbody>\n<\/table>\n<p><em><strong><span style=\"text-decoration: underline;\"><span style=\"color: #ff0000; text-decoration: underline;\">Proposition d&rsquo;un nouveau site m\u00e9t\u00e9o <\/span><\/span><\/strong><\/em><\/p>\n\n<div class=\"wpcf7 no-js\" id=\"wpcf7-f965-o1\" lang=\"fr-FR\" dir=\"ltr\" data-wpcf7-id=\"965\">\n<div class=\"screen-reader-response\"><p role=\"status\" aria-live=\"polite\" aria-atomic=\"true\"><\/p> <ul><\/ul><\/div>\n<form action=\"\/index.php?rest_route=%2Fwp%2Fv2%2Fpages%2F18#wpcf7-f965-o1\" method=\"post\" class=\"wpcf7-form init\" aria-label=\"Formulaire de contact\" novalidate=\"novalidate\" data-status=\"init\">\n<fieldset class=\"hidden-fields-container\"><input type=\"hidden\" name=\"_wpcf7\" value=\"965\" \/><input type=\"hidden\" name=\"_wpcf7_version\" value=\"6.1.5\" \/><input type=\"hidden\" name=\"_wpcf7_locale\" value=\"fr_FR\" \/><input type=\"hidden\" name=\"_wpcf7_unit_tag\" value=\"wpcf7-f965-o1\" \/><input type=\"hidden\" name=\"_wpcf7_container_post\" value=\"0\" \/><input type=\"hidden\" name=\"_wpcf7_posted_data_hash\" value=\"\" \/>\n<\/fieldset>\n<p>Votre nom (obligatoire)\n<\/p>\n<p><span class=\"wpcf7-form-control-wrap\" data-name=\"your-name\"><input size=\"40\" maxlength=\"400\" class=\"wpcf7-form-control wpcf7-text wpcf7-validates-as-required\" aria-required=\"true\" aria-invalid=\"false\" value=\"\" type=\"text\" name=\"your-name\" \/><\/span>\n<\/p>\n<p>Votre email (obligatoire)\n<\/p>\n<p><span class=\"wpcf7-form-control-wrap\" data-name=\"your-email\"><input size=\"40\" maxlength=\"400\" class=\"wpcf7-form-control wpcf7-email wpcf7-validates-as-required wpcf7-text wpcf7-validates-as-email\" aria-required=\"true\" aria-invalid=\"false\" value=\"\" type=\"email\" name=\"your-email\" \/><\/span>\n<\/p>\n<p>Proposition de site\n<\/p>\n<p><span class=\"wpcf7-form-control-wrap\" data-name=\"titre\"><input size=\"40\" maxlength=\"400\" class=\"wpcf7-form-control wpcf7-text\" aria-invalid=\"false\" value=\"\" type=\"text\" name=\"titre\" \/><\/span>\n<\/p>\n<p><input class=\"wpcf7-form-control wpcf7-submit has-spinner\" type=\"submit\" value=\"Envoyer\" \/>\n<\/p><p style=\"display: none !important;\" class=\"akismet-fields-container\" data-prefix=\"_wpcf7_ak_\"><label>&#916;<textarea name=\"_wpcf7_ak_hp_textarea\" cols=\"45\" rows=\"8\" maxlength=\"100\"><\/textarea><\/label><input type=\"hidden\" id=\"ak_js_1\" name=\"_wpcf7_ak_js\" value=\"36\"\/><script>document.getElementById( \"ak_js_1\" ).setAttribute( \"value\", ( new Date() ).getTime() );<\/script><\/p><div class=\"wpcf7-response-output\" aria-hidden=\"true\"><\/div>\n<\/form>\n<\/div>\n\n","protected":false},"excerpt":{"rendered":"<p>Afin de vous faire votre propre opinion, voici l&rsquo;adresse de plusieurs sites m\u00e9t\u00e9o (1 clic sur le logo). Vous pouvez aussi proposer votre site favori (voir en bas de la page) &nbsp; Calendrier des mar\u00e9es<\/p>\n","protected":false},"author":1,"featured_media":0,"parent":0,"menu_order":0,"comment_status":"closed","ping_status":"closed","template":"","meta":{"_bbp_topic_count":0,"_bbp_reply_count":0,"_bbp_total_topic_count":0,"_bbp_total_reply_count":0,"_bbp_voice_count":0,"_bbp_anonymous_reply_count":0,"_bbp_topic_count_hidden":0,"_bbp_reply_count_hidden":0,"_bbp_forum_subforum_count":0,"footnotes":""},"class_list":["post-18","page","type-page","status-publish","hentry"],"jetpack-related-posts":[],"jetpack_sharing_enabled":true,"_links":{"self":[{"href":"https:\/\/srt.asso.fr\/index.php?rest_route=\/wp\/v2\/pages\/18","targetHints":{"allow":["GET"]}}],"collection":[{"href":"https:\/\/srt.asso.fr\/index.php?rest_route=\/wp\/v2\/pages"}],"about":[{"href":"https:\/\/srt.asso.fr\/index.php?rest_route=\/wp\/v2\/types\/page"}],"author":[{"embeddable":true,"href":"https:\/\/srt.asso.fr\/index.php?rest_route=\/wp\/v2\/users\/1"}],"replies":[{"embeddable":true,"href":"https:\/\/srt.asso.fr\/index.php?rest_route=%2Fwp%2Fv2%2Fcomments&post=18"}],"version-history":[{"count":183,"href":"https:\/\/srt.asso.fr\/index.php?rest_route=\/wp\/v2\/pages\/18\/revisions"}],"predecessor-version":[{"id":38468,"href":"https:\/\/srt.asso.fr\/index.php?rest_route=\/wp\/v2\/pages\/18\/revisions\/38468"}],"wp:attachment":[{"href":"https:\/\/srt.asso.fr\/index.php?rest_route=%2Fwp%2Fv2%2Fmedia&parent=18"}],"curies":[{"name":"wp","href":"https:\/\/api.w.org\/{rel}","templated":true}]}}